{"id":72,"date":"2019-09-10T14:32:51","date_gmt":"2019-09-10T14:32:51","guid":{"rendered":"https:\/\/test.tz-bauer.de\/?page_id=72"},"modified":"2024-06-11T09:00:00","modified_gmt":"2024-06-11T09:00:00","slug":"willkommen-bei-der-anton-bauer-gmbh","status":"publish","type":"page","link":"https:\/\/tz-bauer.de\/index.php\/willkommen-bei-der-anton-bauer-gmbh\/","title":{"rendered":"Willkommen bei der Anton Bauer Serienfertigung GmbH"},"content":{"rendered":"\n<figure class=\"wp-block-embed is-type-video is-provider-youtube wp-block-embed-youtube wp-embed-aspect-16-9 wp-has-aspect-ratio\"><div class=\"wp-block-embed__wrapper\">\n<iframe loading=\"lazy\" title=\"Stanzen, trennen, einpressen und pr\u00fcfen bei Anton Bauer Serienfertigung GmbH\" width=\"640\" height=\"360\" src=\"https:\/\/www.youtube.com\/embed\/BnQSKWval8g?feature=oembed\" frameborder=\"0\" allow=\"accelerometer; autoplay; clipboard-write; encrypted-media; gyroscope; picture-in-picture; web-share\" referrerpolicy=\"strict-origin-when-cross-origin\" allowfullscreen><\/iframe>\n<\/div><\/figure>\n\n\n\n<p>Wir, die Anton Bauer Serienfertigung GmbH, gegr\u00fcndet im Jahr 1986, sind ein mittelst\u00e4ndiges Unternehmen mit Sitz in Seligenstadt. Im Zwei-Schichtbetrieb entwickeln, fertigen und vertreiben wir ein breites Sortiment an Stanz-, Biege- und Einpressteilen. <br>Wir grenzen uns im Wettbewerb durch langj\u00e4hrige Branchenerfahrung und einzigartiges Knowhow im Bereich des Stanzens im dreidimensionalen Raum von anderen Wettbewerben ab. Schon seit der Gr\u00fcndung produzieren wir Prototypen und Serienteile f\u00fcr die Automobil- und Fahrradindustrie, sowie in der Sensorik, Antriebstechnik und den regenerativen Energien. <br>Durch die stetig steigenden Qualit\u00e4tsanforderungen dieser und anderer Sektoren wurde schon im Jahr 1996 ein betriebliches Qualit\u00e4tsmanagement etabliert und seither sind wir nach DIN EN ISO 9001\/2015 zertifiziert. Besonders gro\u00dfen Wert legen wir auf eine enge Zusammenarbeit und Kommunikation mit unseren Kunden, Partnern und Lieferanten und sind stolz auf den ausgezeichneten Ruf, den wir uns durch die Zusammenarbeit mit Unternehmen aller Gr\u00f6\u00dfenordnungen erworben haben. Es macht uns Spa\u00df, gemeinsam an der Herstellung von Qualit\u00e4tsprodukten zu arbeiten, die den h\u00f6chsten Standards entsprechen.<br><br>Die Betriebsr\u00e4ume liegen in verkehrsg\u00fcnstiger Lage im Rhein-Main-Gebiet zwischen den Autobahnen A3 und A45.<\/p>\n\n\n\n<p>Wir sind Ihr kompetenter Partner f\u00fcr:<\/p>\n\n\n\n<ul class=\"wp-block-list\">\n<li><a href=\"https:\/\/tz-bauer.de\/index.php\/stanzen-und-biegen\/\">Stanzen und Biegen (Stahl, Aluminium, Edelstahl etc.)<\/a><\/li>\n\n\n\n<li><a href=\"https:\/\/tz-bauer.de\/index.php\/biegen-und-stanzen-von-profilen\/\">Biegen und Stanzen von Profilen<\/a><\/li>\n\n\n\n<li><a href=\"https:\/\/tz-bauer.de\/index.php\/vernieten-einpressen-und-montieren\/\">Vernieten, Einpressen und Montieren<\/a><\/li>\n\n\n\n<li><a href=\"https:\/\/tz-bauer.de\/index.php\/punktschweissen\/\">Punktschwei\u00dfen<\/a><\/li>\n\n\n\n<li><a href=\"https:\/\/tz-bauer.de\/index.php\/gleitschleifen-trowalieren\/\">Trowalisieren von Aluminiumteilen<\/a><\/li>\n<\/ul>\n","protected":false},"excerpt":{"rendered":"<p>Wir, die Anton Bauer Serienfertigung GmbH, gegr\u00fcndet im Jahr 1986, sind ein mittelst\u00e4ndiges Unternehmen mit Sitz in Seligenstadt. Im Zwei-Schichtbetrieb entwickeln, fertigen und vertreiben wir ein breites Sortiment an Stanz-, Biege- und Einpressteilen. Wir grenzen uns im Wettbewerb durch langj\u00e4hrige Branchenerfahrung und einzigartiges Knowhow im Bereich des Stanzens im dreidimensionalen Raum von anderen Wettbewerben ab. [&hellip;]<\/p>\n","protected":false},"author":1,"featured_media":0,"parent":0,"menu_order":0,"comment_status":"closed","ping_status":"closed","template":"","meta":{"footnotes":""},"class_list":["post-72","page","type-page","status-publish","hentry"],"_links":{"self":[{"href":"https:\/\/tz-bauer.de\/index.php\/wp-json\/wp\/v2\/pages\/72","targetHints":{"allow":["GET"]}}],"collection":[{"href":"https:\/\/tz-bauer.de\/index.php\/wp-json\/wp\/v2\/pages"}],"about":[{"href":"https:\/\/tz-bauer.de\/index.php\/wp-json\/wp\/v2\/types\/page"}],"author":[{"embeddable":true,"href":"https:\/\/tz-bauer.de\/index.php\/wp-json\/wp\/v2\/users\/1"}],"replies":[{"embeddable":true,"href":"https:\/\/tz-bauer.de\/index.php\/wp-json\/wp\/v2\/comments?post=72"}],"version-history":[{"count":9,"href":"https:\/\/tz-bauer.de\/index.php\/wp-json\/wp\/v2\/pages\/72\/revisions"}],"predecessor-version":[{"id":263,"href":"https:\/\/tz-bauer.de\/index.php\/wp-json\/wp\/v2\/pages\/72\/revisions\/263"}],"wp:attachment":[{"href":"https:\/\/tz-bauer.de\/index.php\/wp-json\/wp\/v2\/media?parent=72"}],"curies":[{"name":"wp","href":"https:\/\/api.w.org\/{rel}","templated":true}]}}